{"id":245489,"date":"2024-07-18T10:18:47","date_gmt":"2024-07-18T10:18:47","guid":{"rendered":"https:\/\/lagranpantallafestival.com\/?page_id=245489"},"modified":"2025-07-11T10:52:07","modified_gmt":"2025-07-11T10:52:07","slug":"galeria-2024","status":"publish","type":"page","link":"https:\/\/lagranpantallafestival.com\/ca\/galeria-2024\/","title":{"rendered":"Galeria 2024"},"content":{"rendered":"<p>[et_pb_section fb_built=&#8221;1&#8243; admin_label=&#8221;Header&#8221; _builder_version=&#8221;4.25.1&#8243; _module_preset=&#8221;default&#8221; locked=&#8221;off&#8221; collapsed=&#8221;off&#8221; global_colors_info=&#8221;{}&#8221;][et_pb_row _builder_version=&#8221;4.25.1&#8243; _module_preset=&#8221;default&#8221; background_color=&#8221;gcid-a674551e-c023-4666-82b8-b7448e713885&#8243; width=&#8221;100%&#8221; max_width=&#8221;2560px&#8221; custom_margin=&#8221;0px|0px|0px|0px|false|false&#8221; custom_padding=&#8221;0px|0px|0px|0px|false|false&#8221; border_radii=&#8221;off||||&#8221; box_shadow_style=&#8221;preset4&#8243; box_shadow_horizontal=&#8221;-30vw&#8221; box_shadow_vertical=&#8221;0px&#8221; box_shadow_color=&#8221;gcid-a674551e-c023-4666-82b8-b7448e713885&#8243; global_colors_info=&#8221;{%22gcid-a674551e-c023-4666-82b8-b7448e713885%22:%91%22background_color%22,%22box_shadow_color%22%93}&#8221;][et_pb_column type=&#8221;4_4&#8243; _builder_version=&#8221;4.25.1&#8243; _module_preset=&#8221;default&#8221; custom_padding=&#8221;0px|0px|0px|0px|false|false&#8221; global_colors_info=&#8221;{}&#8221;][et_pb_heading title=&#8221;GALERIA DE FOTOGRAFIES 2025&#8243; admin_label=&#8221;T\u00edtulo&#8221; _builder_version=&#8221;4.26.1&#8243; _module_preset=&#8221;_initial&#8221; title_font=&#8221;Montserrat|700|||||||&#8221; title_text_align=&#8221;center&#8221; title_text_color=&#8221;#000000&#8243; title_font_size=&#8221;72px&#8221; title_letter_spacing=&#8221;-0.05em&#8221; custom_margin=&#8221;30px||30px|0px|true|false&#8221; custom_padding=&#8221;|0px||0px|false|true&#8221; title_font_size_tablet=&#8221;56px&#8221; title_font_size_phone=&#8221;40px&#8221; title_font_size_last_edited=&#8221;on|desktop&#8221; global_colors_info=&#8221;{}&#8221;][\/et_pb_heading][\/et_pb_column][\/et_pb_row][\/et_pb_section][et_pb_section fb_built=&#8221;1&#8243; module_class=&#8221;seccion-tabs-filtrables&#8221; _builder_version=&#8221;4.27.2&#8243; _module_preset=&#8221;default&#8221; global_colors_info=&#8221;{}&#8221;][et_pb_row _builder_version=&#8221;4.27.2&#8243; _module_preset=&#8221;default&#8221; max_width=&#8221;1500px&#8221; global_colors_info=&#8221;{}&#8221;][et_pb_column type=&#8221;4_4&#8243; _builder_version=&#8221;4.27.2&#8243; _module_preset=&#8221;default&#8221; global_colors_info=&#8221;{}&#8221;][\/et_pb_column][\/et_pb_row][et_pb_row use_custom_gutter=&#8221;on&#8221; gutter_width=&#8221;4&#8243; make_equal=&#8221;on&#8221; _builder_version=&#8221;4.27.2&#8243; _module_preset=&#8221;default&#8221; width=&#8221;100%&#8221; max_width=&#8221;1500px&#8221; custom_padding=&#8221;|||0px||&#8221; global_colors_info=&#8221;{}&#8221; gutter_width__hover_enabled=&#8221;off|desktop&#8221;][et_pb_column type=&#8221;4_4&#8243; _builder_version=&#8221;4.27.2&#8243; _module_preset=&#8221;default&#8221; global_colors_info=&#8221;{}&#8221;][et_pb_cta title=&#8221;Vols veure totes les fotografies?&#8221; button_url=&#8221;https:\/\/drive.google.com\/drive\/u\/0\/folders\/1PTvVAQfIsU44RfgSWy5pi6SKoOLAtuZz&#8221; url_new_window=&#8221;on&#8221; button_text=&#8221;Accedeix a totes les fotos en aquest enlla\u00e7&#8221; _builder_version=&#8221;4.27.4&#8243; _module_preset=&#8221;default&#8221; link_option_url_new_window=&#8221;on&#8221; global_colors_info=&#8221;{}&#8221;][\/et_pb_cta][et_pb_gallery gallery_ids=&#8221;246851,246853,246855,246857,246859,246861,246863,246865,246867,246869,246873,246875,246877,246879,246881,246889,246887,246885,246883,246893&#8243; posts_number=&#8221;20&#8243; show_title_and_caption=&#8221;off&#8221; show_pagination=&#8221;off&#8221; zoom_icon_color=&#8221;#edf000&#8243; hover_overlay_color=&#8221;rgba(255,255,255,0.31)&#8221; hover_icon=&#8221;&#x54;||divi||400&#8243; admin_label=&#8221;LGP25_dissabte&#8221; module_class=&#8221;ov-element-item LGP25_dissabte&#8221; _builder_version=&#8221;4.27.4&#8243; _module_preset=&#8221;default&#8221; hover_enabled=&#8221;0&#8243; custom_css_gallery_item=&#8221;margin: 0 !important;||width: 33.3% !important; ||padding: 3px;&#8221; global_colors_info=&#8221;{}&#8221; custom_css_gallery_item_last_edited=&#8221;on|tablet&#8221; custom_css_main_element_last_edited=&#8221;on|phone&#8221; custom_css_gallery_item_tablet=&#8221;margin: 0 !important;||width: 50% !important;||padding: 3px;&#8221; custom_css_gallery_item_phone=&#8221;margin: 0 !important;||width: 50% !important; ||padding: 3px;&#8221; gallery_orderby=&#8221;rand&#8221; sticky_enabled=&#8221;0&#8243;][\/et_pb_gallery][et_pb_gallery gallery_ids=&#8221;246810,246814,246816,246812,246818,246820,246822,246824,246826,246828,246831,246833,246835,246837,246841,246839,246843,246845&#8243; posts_number=&#8221;18&#8243; show_title_and_caption=&#8221;off&#8221; show_pagination=&#8221;off&#8221; zoom_icon_color=&#8221;#edf000&#8243; hover_overlay_color=&#8221;rgba(255,255,255,0.31)&#8221; hover_icon=&#8221;&#x54;||divi||400&#8243; admin_label=&#8221;LGP25_dijous&#8221; module_class=&#8221;ov-element-item LGP25_dijous&#8221; _builder_version=&#8221;4.27.4&#8243; _module_preset=&#8221;default&#8221; hover_enabled=&#8221;0&#8243; custom_css_gallery_item=&#8221;margin: 0 !important;||width: 33.3% !important; ||padding: 3px;&#8221; global_colors_info=&#8221;{}&#8221; custom_css_gallery_item_last_edited=&#8221;on|tablet&#8221; custom_css_main_element_last_edited=&#8221;on|phone&#8221; custom_css_gallery_item_tablet=&#8221;margin: 0 !important;||width: 50% !important;||padding: 3px;&#8221; custom_css_gallery_item_phone=&#8221;margin: 0 !important;||width: 50% !important; ||padding: 3px;&#8221; gallery_orderby=&#8221;rand&#8221; sticky_enabled=&#8221;0&#8243;][\/et_pb_gallery][et_pb_gallery gallery_ids=&#8221;246769,246771,246777,246779,246781,246783,246785,246787,246789,246791,246795,246797,246803,246805,246801&#8243; posts_number=&#8221;12&#8243; show_title_and_caption=&#8221;off&#8221; show_pagination=&#8221;off&#8221; zoom_icon_color=&#8221;#edf000&#8243; hover_overlay_color=&#8221;rgba(255,255,255,0.31)&#8221; hover_icon=&#8221;&#x54;||divi||400&#8243; admin_label=&#8221;LGP25_dimecres&#8221; module_class=&#8221;ov-element-item LGP25_dimecres&#8221; _builder_version=&#8221;4.27.4&#8243; _module_preset=&#8221;default&#8221; hover_enabled=&#8221;0&#8243; custom_css_gallery_item=&#8221;margin: 0 !important;||width: 33.3% !important; ||padding: 3px;&#8221; global_colors_info=&#8221;{}&#8221; custom_css_gallery_item_last_edited=&#8221;on|tablet&#8221; custom_css_main_element_last_edited=&#8221;on|phone&#8221; custom_css_gallery_item_tablet=&#8221;margin: 0 !important;||width: 50% !important;||padding: 3px;&#8221; custom_css_gallery_item_phone=&#8221;margin: 0 !important;||width: 50% !important; ||padding: 3px;&#8221; gallery_orderby=&#8221;rand&#8221; sticky_enabled=&#8221;0&#8243;][\/et_pb_gallery][et_pb_gallery gallery_ids=&#8221;246745,246747,246749,246751,246753,246755,246757,246759,246761,246763,246765,246767,246769,246771&#8243; posts_number=&#8221;12&#8243; show_title_and_caption=&#8221;off&#8221; show_pagination=&#8221;off&#8221; zoom_icon_color=&#8221;#edf000&#8243; hover_overlay_color=&#8221;rgba(255,255,255,0.31)&#8221; hover_icon=&#8221;&#x54;||divi||400&#8243; admin_label=&#8221;LGP25_dimarts&#8221; module_class=&#8221;ov-element-item LGP25_dimarts&#8221; _builder_version=&#8221;4.27.4&#8243; _module_preset=&#8221;default&#8221; hover_enabled=&#8221;0&#8243; custom_css_gallery_item=&#8221;margin: 0 !important;||width: 33.3% !important; ||padding: 3px;&#8221; global_colors_info=&#8221;{}&#8221; custom_css_gallery_item_last_edited=&#8221;on|tablet&#8221; custom_css_main_element_last_edited=&#8221;on|phone&#8221; custom_css_gallery_item_tablet=&#8221;margin: 0 !important;||width: 50% !important;||padding: 3px;&#8221; custom_css_gallery_item_phone=&#8221;margin: 0 !important;||width: 50% !important; ||padding: 3px;&#8221; gallery_orderby=&#8221;rand&#8221; sticky_enabled=&#8221;0&#8243;][\/et_pb_gallery][et_pb_gallery gallery_ids=&#8221;244932,246738,246736,246734,246732,246730,246728,246726,246724,246722,246720,246718,246716&#8243; posts_number=&#8221;12&#8243; show_title_and_caption=&#8221;off&#8221; show_pagination=&#8221;off&#8221; zoom_icon_color=&#8221;#edf000&#8243; hover_overlay_color=&#8221;rgba(255,255,255,0.31)&#8221; hover_icon=&#8221;&#x54;||divi||400&#8243; show_title_and_caption_tablet=&#8221;off&#8221; show_title_and_caption_phone=&#8221;off&#8221; show_title_and_caption_last_edited=&#8221;on|desktop&#8221; admin_label=&#8221;LGP25_elcolom&#8221; module_class=&#8221;ov-element-item LGP25_elcolom&#8221; _builder_version=&#8221;4.27.4&#8243; _module_preset=&#8221;default&#8221; title_text_color=&#8221;RGBA(255,255,255,0)&#8221; text_orientation=&#8221;left&#8221; link_option_url_new_window=&#8221;on&#8221; hover_enabled=&#8221;0&#8243; custom_css_main_element=&#8221;||&#8221; custom_css_gallery_item=&#8221;margin: 0 !important;||width: 33.3% !important; ||padding: 3px;&#8221; global_colors_info=&#8221;{}&#8221; custom_css_gallery_item_last_edited=&#8221;on|phone&#8221; custom_css_gallery_item_phone=&#8221;margin: 0 !important;||width: 50% !important; ||padding: 3px;&#8221; custom_css_gallery_item_tablet=&#8221;margin: 0 !important;||width: 50% !important;||padding: 3px;&#8221; custom_css_main_element_last_edited=&#8221;off|desktop&#8221; gallery_orderby=&#8221;rand&#8221; sticky_enabled=&#8221;0&#8243;][\/et_pb_gallery][et_pb_cta title=&#8221;Vols veure totes les fotografies?&#8221; button_url=&#8221;https:\/\/drive.google.com\/drive\/u\/0\/folders\/1PTvVAQfIsU44RfgSWy5pi6SKoOLAtuZz&#8221; url_new_window=&#8221;on&#8221; button_text=&#8221;Accedeix a totes les fotos en aquest enlla\u00e7&#8221; _builder_version=&#8221;4.27.4&#8243; _module_preset=&#8221;default&#8221; link_option_url_new_window=&#8221;on&#8221; global_colors_info=&#8221;{}&#8221;][\/et_pb_cta][et_pb_code admin_label=&#8221;navegaci\u00f3 pestanyes filtrables&#8221; _builder_version=&#8221;4.27.4&#8243; _module_preset=&#8221;default&#8221; hover_enabled=&#8221;0&#8243; global_colors_info=&#8221;{}&#8221; sticky_enabled=&#8221;0&#8243;]<\/p>\n<ul class=\"ov-tabs-filters\"><!-- [et_pb_line_break_holder] -->  <\/p>\n<li class=\"ov-tab-filter\" data-filter=\"LGP25_dissabte\">Dimarts 1<\/li>\n<p><!-- [et_pb_line_break_holder] -->  <\/p>\n<li class=\"ov-tab-filter\" data-filter=\"LGP25_divendres\">Dimecres 2<\/li>\n<p><!-- [et_pb_line_break_holder] -->  <\/p>\n<li class=\"ov-tab-filter\" data-filter=\"LGP25_dijous\">Dijous 3<\/li>\n<p><!-- [et_pb_line_break_holder] -->  <\/p>\n<li class=\"ov-tab-filter\" data-filter=\"LGP25_dimecres\">Divendres 4<\/li>\n<p><!-- [et_pb_line_break_holder] -->  <\/p>\n<li class=\"ov-tab-filter\" data-filter=\"LGP25_dimarts\">Dissabte 5<\/li>\n<p><!-- [et_pb_line_break_holder] -->  <\/p>\n<li class=\"ov-tab-filter\" data-filter=\"LGP25_elcolom\">La Paloma<\/li>\n<p><!-- [et_pb_line_break_holder] --><\/ul>\n<p>[\/et_pb_code][\/et_pb_column][\/et_pb_row][et_pb_row _builder_version=&#8221;4.26.1&#8243; _module_preset=&#8221;default&#8221; global_colors_info=&#8221;{}&#8221;][et_pb_column type=&#8221;4_4&#8243; _builder_version=&#8221;4.26.1&#8243; _module_preset=&#8221;default&#8221; global_colors_info=&#8221;{}&#8221;][et_pb_code admin_label=&#8221;codi j5 funcionalitat pestanyes&#8221; _builder_version=&#8221;4.27.2&#8243; _module_preset=&#8221;default&#8221; global_colors_info=&#8221;{}&#8221;]<script><!-- [et_pb_line_break_holder] -->document.addEventListener('DOMContentLoaded', function() {<!-- [et_pb_line_break_holder] -->  const tabs = document.querySelectorAll('.ov-tab-filter');<!-- [et_pb_line_break_holder] -->  const galleryItems = document.querySelectorAll('.ov-element-item');<!-- [et_pb_line_break_holder] --><!-- [et_pb_line_break_holder] -->  \/\/ Establecer la pesta\u00f1a \"dimars\" como activa por defecto<!-- [et_pb_line_break_holder] -->  const defaultTab = document.querySelector('.ov-tab-filter[data-filter=\"dimarts\"]');<!-- [et_pb_line_break_holder] -->  defaultTab.classList.add('active');<!-- [et_pb_line_break_holder] --><!-- [et_pb_line_break_holder] -->  \/\/ Funci\u00f3n para filtrar y mostrar elementos<!-- [et_pb_line_break_holder] -->  function filterItems(filter) <!-- [et_pb_line_break_holder] -->  {<!-- [et_pb_line_break_holder] -->    <!-- [et_pb_line_break_holder] -->    <!-- [et_pb_line_break_holder] -->    galleryItems.forEach(item => <!-- [et_pb_line_break_holder] -->    {<!-- [et_pb_line_break_holder] -->        item.style.opacity = 0;<!-- [et_pb_line_break_holder] -->        item.style.transform = 'translateY(20px)';<!-- [et_pb_line_break_holder] -->        setTimeout(() => {  <!-- [et_pb_line_break_holder] -->      if (filter === 'all' || item.classList.contains(filter)) <!-- [et_pb_line_break_holder] -->      {<!-- [et_pb_line_break_holder] -->        item.style.opacity = 1;<!-- [et_pb_line_break_holder] -->        item.style.transform = 'translateY(0)';<!-- [et_pb_line_break_holder] -->        item.classList.remove('hide');<!-- [et_pb_line_break_holder] -->      }<!-- [et_pb_line_break_holder] -->      else if (item.classList.contains(filter)) <!-- [et_pb_line_break_holder] -->          {<!-- [et_pb_line_break_holder] -->            item.style.opacity = 1;<!-- [et_pb_line_break_holder] -->            item.style.transform = 'translateY(0)';<!-- [et_pb_line_break_holder] -->            item.classList.remove('hide');<!-- [et_pb_line_break_holder] -->          }<!-- [et_pb_line_break_holder] -->      else <!-- [et_pb_line_break_holder] -->      {<!-- [et_pb_line_break_holder] -->        item.style.opacity = 0;<!-- [et_pb_line_break_holder] -->        item.style.transform = 'translateY(20px)';<!-- [et_pb_line_break_holder] -->        item.classList.add('hide');<!-- [et_pb_line_break_holder] -->      }<!-- [et_pb_line_break_holder] -->    })<!-- [et_pb_line_break_holder] -->    });<!-- [et_pb_line_break_holder] -->  }<!-- [et_pb_line_break_holder] -->  <!-- [et_pb_line_break_holder] -->  <!-- [et_pb_line_break_holder] -->  \/\/ Mostrar solo los elementos de \"dimarts\" al cargar la p\u00e1gina<!-- [et_pb_line_break_holder] -->  filterItems('dimarts');<!-- [et_pb_line_break_holder] -->  tabs.forEach(tab => <!-- [et_pb_line_break_holder] -->  {<!-- [et_pb_line_break_holder] -->    tab.addEventListener('click', () => <!-- [et_pb_line_break_holder] -->    {<!-- [et_pb_line_break_holder] -->      const filter = tab.getAttribute('data-filter');<!-- [et_pb_line_break_holder] -->      tabs.forEach(tab => <!-- [et_pb_line_break_holder] -->      {<!-- [et_pb_line_break_holder] -->        tab.classList.remove('active');<!-- [et_pb_line_break_holder] -->      });<!-- [et_pb_line_break_holder] -->      tab.classList.add('active');<!-- [et_pb_line_break_holder] -->      filterItems(filter);<!-- [et_pb_line_break_holder] -->    }<!-- [et_pb_line_break_holder] -->    );<!-- [et_pb_line_break_holder] -->  }<!-- [et_pb_line_break_holder] -->  );<!-- [et_pb_line_break_holder] -->}<!-- [et_pb_line_break_holder] -->);<!-- [et_pb_line_break_holder] --><\/script>[\/et_pb_code][\/et_pb_column][\/et_pb_row][\/et_pb_section]<\/p>\n","protected":false},"excerpt":{"rendered":"","protected":false},"author":5,"featured_media":0,"parent":0,"menu_order":0,"comment_status":"closed","ping_status":"closed","template":"","meta":{"_et_pb_use_builder":"on","_et_pb_old_content":"","_et_gb_content_width":"","cybocfi_hide_featured_image":"","footnotes":""},"class_list":["post-245489","page","type-page","status-publish","hentry"],"yoast_head":"<!-- This site is optimized with the Yoast SEO plugin v26.7 - https:\/\/yoast.com\/wordpress\/plugins\/seo\/ -->\n<title>Galeria 2024 &#183;<\/title>\n<meta name=\"robots\" content=\"index, follow, max-snippet:-1, max-image-preview:large, max-video-preview:-1\" \/>\n<link rel=\"canonical\" href=\"https:\/\/lagranpantallafestival.com\/ca\/galeria-2024\/\" \/>\n<meta property=\"og:locale\" content=\"ca_ES\" \/>\n<meta property=\"og:type\" content=\"article\" \/>\n<meta property=\"og:title\" content=\"Galeria 2024 &#183;\" \/>\n<meta property=\"og:url\" content=\"https:\/\/lagranpantallafestival.com\/ca\/galeria-2024\/\" \/>\n<meta property=\"og:site_name\" content=\"Festival Internacional de Cinema de les Persones Grans de Barcelona: La Gran Pantalla\" \/>\n<meta property=\"article:publisher\" content=\"https:\/\/www.facebook.com\/lagranpantallabcn\/\" \/>\n<meta property=\"article:modified_time\" content=\"2025-07-11T10:52:07+00:00\" \/>\n<meta property=\"og:image\" content=\"https:\/\/lagranpantallafestival.com\/wp-content\/uploads\/2020\/05\/Sala-Gran-Pantalla-2019-1024x683.jpg\" \/>\n\t<meta property=\"og:image:width\" content=\"1024\" \/>\n\t<meta property=\"og:image:height\" content=\"683\" \/>\n\t<meta property=\"og:image:type\" content=\"image\/jpeg\" \/>\n<meta name=\"twitter:card\" content=\"summary_large_image\" \/>\n<meta name=\"twitter:site\" content=\"@granpantallabcn\" \/>\n<meta name=\"twitter:label1\" content=\"Temps estimat de lectura\" \/>\n\t<meta name=\"twitter:data1\" content=\"21 minuts\" \/>\n<script type=\"application\/ld+json\" class=\"yoast-schema-graph\">{\"@context\":\"https:\/\/schema.org\",\"@graph\":[{\"@type\":\"WebPage\",\"@id\":\"https:\/\/lagranpantallafestival.com\/ca\/galeria-2024\/\",\"url\":\"https:\/\/lagranpantallafestival.com\/ca\/galeria-2024\/\",\"name\":\"Galeria 2024 &#183;\",\"isPartOf\":{\"@id\":\"https:\/\/lagranpantallafestival.com\/ca\/#website\"},\"datePublished\":\"2024-07-18T10:18:47+00:00\",\"dateModified\":\"2025-07-11T10:52:07+00:00\",\"breadcrumb\":{\"@id\":\"https:\/\/lagranpantallafestival.com\/ca\/galeria-2024\/#breadcrumb\"},\"inLanguage\":\"ca\",\"potentialAction\":[{\"@type\":\"ReadAction\",\"target\":[\"https:\/\/lagranpantallafestival.com\/ca\/galeria-2024\/\"]}]},{\"@type\":\"BreadcrumbList\",\"@id\":\"https:\/\/lagranpantallafestival.com\/ca\/galeria-2024\/#breadcrumb\",\"itemListElement\":[{\"@type\":\"ListItem\",\"position\":1,\"name\":\"Portada\",\"item\":\"https:\/\/lagranpantallafestival.com\/ca\/\"},{\"@type\":\"ListItem\",\"position\":2,\"name\":\"Galeria 2024\"}]},{\"@type\":\"WebSite\",\"@id\":\"https:\/\/lagranpantallafestival.com\/ca\/#website\",\"url\":\"https:\/\/lagranpantallafestival.com\/ca\/\",\"name\":\"Festival Internacional de Cinema de les Persones Grans de Barcelona: La Gran Pantalla\",\"description\":\"El Festival Internacional de Cine de las personas mayores La gran pantalla! es el primer espacio en Barcelona dedicado al encuentro cinematogr\u00e1fico intergeneracional. Proyectamos pel\u00edculas y cortometrajes que aborden nuevas miradas sobre el hecho de ser mayor. Nuestro objetivo es desmontar los estereotipos que existen en la sociedad y promover el envejecimiento activo, a trav\u00e9s de la reflexi\u00f3n y el debate que inspira el s\u00e9ptimo arte.\",\"publisher\":{\"@id\":\"https:\/\/lagranpantallafestival.com\/ca\/#organization\"},\"potentialAction\":[{\"@type\":\"SearchAction\",\"target\":{\"@type\":\"EntryPoint\",\"urlTemplate\":\"https:\/\/lagranpantallafestival.com\/ca\/?s={search_term_string}\"},\"query-input\":{\"@type\":\"PropertyValueSpecification\",\"valueRequired\":true,\"valueName\":\"search_term_string\"}}],\"inLanguage\":\"ca\"},{\"@type\":\"Organization\",\"@id\":\"https:\/\/lagranpantallafestival.com\/ca\/#organization\",\"name\":\"[wpseo_titles]company_nombre\",\"url\":\"https:\/\/lagranpantallafestival.com\/ca\/\",\"logo\":{\"@type\":\"ImageObject\",\"inLanguage\":\"ca\",\"@id\":\"https:\/\/lagranpantallafestival.com\/ca\/#\/schema\/logo\/image\/\",\"url\":\"https:\/\/i0.wp.com\/lagranpantallafestival.com\/wp-content\/uploads\/2020\/05\/Logo_web_LaGranPantalla.png?fit=901%2C301&ssl=1\",\"contentUrl\":\"https:\/\/i0.wp.com\/lagranpantallafestival.com\/wp-content\/uploads\/2020\/05\/Logo_web_LaGranPantalla.png?fit=901%2C301&ssl=1\",\"width\":901,\"height\":301,\"caption\":\"[wpseo_titles]company_nombre\"},\"image\":{\"@id\":\"https:\/\/lagranpantallafestival.com\/ca\/#\/schema\/logo\/image\/\"},\"sameAs\":[\"https:\/\/www.facebook.com\/lagranpantallabcn\/\",\"https:\/\/x.com\/granpantallabcn\",\"https:\/\/www.instagram.com\/lagranpantallabcn\/\",\"https:\/\/www.youtube.com\/user\/colectivoelparlante\"]}]}<\/script>\n<!-- \/ Yoast SEO plugin. -->","yoast_head_json":{"title":"Galeria 2024 &#183;","robots":{"index":"index","follow":"follow","max-snippet":"max-snippet:-1","max-image-preview":"max-image-preview:large","max-video-preview":"max-video-preview:-1"},"canonical":"https:\/\/lagranpantallafestival.com\/ca\/galeria-2024\/","og_locale":"ca_ES","og_type":"article","og_title":"Galeria 2024 &#183;","og_url":"https:\/\/lagranpantallafestival.com\/ca\/galeria-2024\/","og_site_name":"Festival Internacional de Cinema de les Persones Grans de Barcelona: La Gran Pantalla","article_publisher":"https:\/\/www.facebook.com\/lagranpantallabcn\/","article_modified_time":"2025-07-11T10:52:07+00:00","og_image":[{"width":1024,"height":683,"url":"https:\/\/lagranpantallafestival.com\/wp-content\/uploads\/2020\/05\/Sala-Gran-Pantalla-2019-1024x683.jpg","type":"image\/jpeg"}],"twitter_card":"summary_large_image","twitter_site":"@granpantallabcn","twitter_misc":{"Temps estimat de lectura":"21 minuts"},"schema":{"@context":"https:\/\/schema.org","@graph":[{"@type":"WebPage","@id":"https:\/\/lagranpantallafestival.com\/ca\/galeria-2024\/","url":"https:\/\/lagranpantallafestival.com\/ca\/galeria-2024\/","name":"Galeria 2024 &#183;","isPartOf":{"@id":"https:\/\/lagranpantallafestival.com\/ca\/#website"},"datePublished":"2024-07-18T10:18:47+00:00","dateModified":"2025-07-11T10:52:07+00:00","breadcrumb":{"@id":"https:\/\/lagranpantallafestival.com\/ca\/galeria-2024\/#breadcrumb"},"inLanguage":"ca","potentialAction":[{"@type":"ReadAction","target":["https:\/\/lagranpantallafestival.com\/ca\/galeria-2024\/"]}]},{"@type":"BreadcrumbList","@id":"https:\/\/lagranpantallafestival.com\/ca\/galeria-2024\/#breadcrumb","itemListElement":[{"@type":"ListItem","position":1,"name":"Portada","item":"https:\/\/lagranpantallafestival.com\/ca\/"},{"@type":"ListItem","position":2,"name":"Galeria 2024"}]},{"@type":"WebSite","@id":"https:\/\/lagranpantallafestival.com\/ca\/#website","url":"https:\/\/lagranpantallafestival.com\/ca\/","name":"Festival Internacional de Cinema de les Persones Grans de Barcelona: La Gran Pantalla","description":"El Festival Internacional de Cine de las personas mayores La gran pantalla! es el primer espacio en Barcelona dedicado al encuentro cinematogr\u00e1fico intergeneracional. Proyectamos pel\u00edculas y cortometrajes que aborden nuevas miradas sobre el hecho de ser mayor. Nuestro objetivo es desmontar los estereotipos que existen en la sociedad y promover el envejecimiento activo, a trav\u00e9s de la reflexi\u00f3n y el debate que inspira el s\u00e9ptimo arte.","publisher":{"@id":"https:\/\/lagranpantallafestival.com\/ca\/#organization"},"potentialAction":[{"@type":"SearchAction","target":{"@type":"EntryPoint","urlTemplate":"https:\/\/lagranpantallafestival.com\/ca\/?s={search_term_string}"},"query-input":{"@type":"PropertyValueSpecification","valueRequired":true,"valueName":"search_term_string"}}],"inLanguage":"ca"},{"@type":"Organization","@id":"https:\/\/lagranpantallafestival.com\/ca\/#organization","name":"[wpseo_titles]company_nombre","url":"https:\/\/lagranpantallafestival.com\/ca\/","logo":{"@type":"ImageObject","inLanguage":"ca","@id":"https:\/\/lagranpantallafestival.com\/ca\/#\/schema\/logo\/image\/","url":"https:\/\/i0.wp.com\/lagranpantallafestival.com\/wp-content\/uploads\/2020\/05\/Logo_web_LaGranPantalla.png?fit=901%2C301&ssl=1","contentUrl":"https:\/\/i0.wp.com\/lagranpantallafestival.com\/wp-content\/uploads\/2020\/05\/Logo_web_LaGranPantalla.png?fit=901%2C301&ssl=1","width":901,"height":301,"caption":"[wpseo_titles]company_nombre"},"image":{"@id":"https:\/\/lagranpantallafestival.com\/ca\/#\/schema\/logo\/image\/"},"sameAs":["https:\/\/www.facebook.com\/lagranpantallabcn\/","https:\/\/x.com\/granpantallabcn","https:\/\/www.instagram.com\/lagranpantallabcn\/","https:\/\/www.youtube.com\/user\/colectivoelparlante"]}]}},"_links":{"self":[{"href":"https:\/\/lagranpantallafestival.com\/ca\/wp-json\/wp\/v2\/pages\/245489","targetHints":{"allow":["GET"]}}],"collection":[{"href":"https:\/\/lagranpantallafestival.com\/ca\/wp-json\/wp\/v2\/pages"}],"about":[{"href":"https:\/\/lagranpantallafestival.com\/ca\/wp-json\/wp\/v2\/types\/page"}],"author":[{"embeddable":true,"href":"https:\/\/lagranpantallafestival.com\/ca\/wp-json\/wp\/v2\/users\/5"}],"replies":[{"embeddable":true,"href":"https:\/\/lagranpantallafestival.com\/ca\/wp-json\/wp\/v2\/comments?post=245489"}],"version-history":[{"count":8,"href":"https:\/\/lagranpantallafestival.com\/ca\/wp-json\/wp\/v2\/pages\/245489\/revisions"}],"predecessor-version":[{"id":246918,"href":"https:\/\/lagranpantallafestival.com\/ca\/wp-json\/wp\/v2\/pages\/245489\/revisions\/246918"}],"wp:attachment":[{"href":"https:\/\/lagranpantallafestival.com\/ca\/wp-json\/wp\/v2\/media?parent=245489"}],"curies":[{"name":"wp","href":"https:\/\/api.w.org\/{rel}","templated":true}]}}