{"id":245420,"date":"2024-11-22T09:40:17","date_gmt":"2024-11-22T09:40:17","guid":{"rendered":"https:\/\/lagranpantallafestival.com\/?page_id=245420"},"modified":"2025-06-15T05:43:42","modified_gmt":"2025-06-15T05:43:42","slug":"materials-de-premsa","status":"publish","type":"page","link":"https:\/\/lagranpantallafestival.com\/ca\/materials-de-premsa\/","title":{"rendered":"Materials de Premsa"},"content":{"rendered":"<p>[et_pb_section fb_built=&#8221;1&#8243; admin_label=&#8221;Header&#8221; _builder_version=&#8221;4.25.1&#8243; _module_preset=&#8221;default&#8221; locked=&#8221;off&#8221; collapsed=&#8221;off&#8221; global_colors_info=&#8221;{}&#8221;][et_pb_row _builder_version=&#8221;4.25.1&#8243; _module_preset=&#8221;default&#8221; background_color=&#8221;gcid-a674551e-c023-4666-82b8-b7448e713885&#8243; width=&#8221;100%&#8221; max_width=&#8221;2560px&#8221; custom_margin=&#8221;0px|0px|0px|0px|false|false&#8221; custom_padding=&#8221;0px|0px|0px|0px|false|false&#8221; border_radii=&#8221;off||||&#8221; box_shadow_style=&#8221;preset4&#8243; box_shadow_horizontal=&#8221;-30vw&#8221; box_shadow_vertical=&#8221;0px&#8221; box_shadow_color=&#8221;gcid-a674551e-c023-4666-82b8-b7448e713885&#8243; global_colors_info=&#8221;{%22gcid-a674551e-c023-4666-82b8-b7448e713885%22:%91%22background_color%22,%22box_shadow_color%22%93}&#8221;][et_pb_column type=&#8221;4_4&#8243; _builder_version=&#8221;4.25.1&#8243; _module_preset=&#8221;default&#8221; custom_padding=&#8221;0px|0px|0px|0px|false|false&#8221; global_colors_info=&#8221;{}&#8221;][et_pb_heading title=&#8221;MATERIALS DE PREMSA&#8221; admin_label=&#8221;T\u00edtulo&#8221; _builder_version=&#8221;4.25.1&#8243; _module_preset=&#8221;_initial&#8221; title_font=&#8221;Montserrat|700|||||||&#8221; title_text_align=&#8221;center&#8221; title_text_color=&#8221;#000000&#8243; title_font_size=&#8221;72px&#8221; title_letter_spacing=&#8221;-0.05em&#8221; custom_margin=&#8221;30px||30px|0px|true|false&#8221; custom_padding=&#8221;|0px||0px|false|true&#8221; title_font_size_tablet=&#8221;56px&#8221; title_font_size_phone=&#8221;40px&#8221; title_font_size_last_edited=&#8221;on|desktop&#8221; global_colors_info=&#8221;{}&#8221;][\/et_pb_heading][\/et_pb_column][\/et_pb_row][\/et_pb_section][et_pb_section fb_built=&#8221;1&#8243; admin_label=&#8221;Header&#8221; _builder_version=&#8221;4.25.1&#8243; _module_preset=&#8221;default&#8221; custom_margin=&#8221;0px||0px||false|false&#8221; custom_padding=&#8221;1px||100px||false|false&#8221; locked=&#8221;off&#8221; collapsed=&#8221;off&#8221; global_colors_info=&#8221;{}&#8221;][et_pb_row _builder_version=&#8221;4.27.4&#8243; _module_preset=&#8221;default&#8221; custom_margin=&#8221;||||false|false&#8221; custom_margin_tablet=&#8221;40px||||false|false&#8221; custom_margin_phone=&#8221;40px||0px||false|false&#8221; custom_margin_last_edited=&#8221;on|phone&#8221; custom_padding=&#8221;||0px||false|false&#8221; hover_enabled=&#8221;0&#8243; global_colors_info=&#8221;{}&#8221; sticky_enabled=&#8221;0&#8243;][et_pb_column type=&#8221;4_4&#8243; _builder_version=&#8221;4.25.1&#8243; _module_preset=&#8221;default&#8221; global_colors_info=&#8221;{}&#8221;][et_pb_heading title=&#8221;Materials de premsa&#8221; disabled_on=&#8221;off|off|off&#8221; admin_label=&#8221;T\u00edtulo&#8221; _builder_version=&#8221;4.27.2&#8243; _module_preset=&#8221;_initial&#8221; title_level=&#8221;h6&#8243; title_font=&#8221;Montserrat|700|||||||&#8221; title_text_color=&#8221;#000000&#8243; title_font_size=&#8221;40px&#8221; title_letter_spacing=&#8221;-0.03em&#8221; title_line_height=&#8221;50px&#8221; width=&#8221;79%&#8221; custom_margin=&#8221;0px|0px|0px|0px|false|false&#8221; custom_margin_tablet=&#8221;||0px||false|false&#8221; custom_margin_phone=&#8221;||5px||false|false&#8221; custom_margin_last_edited=&#8221;on|phone&#8221; custom_padding=&#8221;0px|0px|0px|0px|false|false&#8221; title_font_size_tablet=&#8221;38px&#8221; title_font_size_phone=&#8221;32px&#8221; title_font_size_last_edited=&#8221;on|phone&#8221; title_line_height_tablet=&#8221;&#8221; title_line_height_phone=&#8221;1.3em&#8221; title_line_height_last_edited=&#8221;on|tablet&#8221; global_colors_info=&#8221;{}&#8221;][\/et_pb_heading][et_pb_image src=&#8221;https:\/\/lagranpantallafestival.com\/wp-content\/uploads\/2025\/06\/pgma-de-ma-LGP10.jpg&#8221; title_text=&#8221;pgma-de-ma-LGP10&#8243; show_in_lightbox=&#8221;on&#8221; use_overlay=&#8221;on&#8221; overlay_icon_color=&#8221;RGBA(255,255,255,0)&#8221; hover_overlay_color=&#8221;rgba(238,239,170,0.2)&#8221; _builder_version=&#8221;4.27.4&#8243; _module_preset=&#8221;default&#8221; custom_margin=&#8221;||||false|false&#8221; custom_margin_tablet=&#8221;||||false|false&#8221; custom_margin_phone=&#8221;||||false|false&#8221; custom_margin_last_edited=&#8221;on|tablet&#8221; custom_padding=&#8221;30px||||false|false&#8221; hover_enabled=&#8221;0&#8243; global_colors_info=&#8221;{}&#8221; sticky_enabled=&#8221;0&#8243;][\/et_pb_image][et_pb_button url_new_window=&#8221;on&#8221; button_text=&#8221;Accedeix a l&#8217;arxiu&#8221; button_alignment=&#8221;left&#8221; _builder_version=&#8221;4.27.4&#8243; _module_preset=&#8221;_initial&#8221; custom_button=&#8221;on&#8221; button_text_size=&#8221;21px&#8221; button_text_color=&#8221;#000000&#8243; button_bg_color=&#8221;#EDF000&#8243; button_border_width=&#8221;0px&#8221; button_border_radius=&#8221;0px&#8221; button_font=&#8221;Montserrat|600|||||||&#8221; button_use_icon=&#8221;off&#8221; custom_margin=&#8221;20px||30px||false|false&#8221; custom_padding=&#8221;12px|24px|12px|24px|true|true&#8221; custom_padding_tablet=&#8221;12px|24px|12px|24px|true|true&#8221; custom_padding_phone=&#8221;12px|24px|12px|24px|true|true&#8221; custom_padding_last_edited=&#8221;on|phone&#8221; hover_enabled=&#8221;0&#8243; global_colors_info=&#8221;{}&#8221; sticky_enabled=&#8221;0&#8243;][\/et_pb_button][\/et_pb_column][\/et_pb_row][et_pb_row _builder_version=&#8221;4.27.2&#8243; _module_preset=&#8221;default&#8221; custom_margin=&#8221;||||false|false&#8221; custom_margin_tablet=&#8221;40px||||false|false&#8221; custom_margin_phone=&#8221;40px||0px||false|false&#8221; custom_margin_last_edited=&#8221;on|phone&#8221; custom_padding=&#8221;||0px||false|false&#8221; global_colors_info=&#8221;{}&#8221;][et_pb_column type=&#8221;4_4&#8243; _builder_version=&#8221;4.25.1&#8243; _module_preset=&#8221;default&#8221; global_colors_info=&#8221;{}&#8221;][et_pb_cta title=&#8221;Tens alguna consulta i\/o gesti\u00f3 d&#8217;entrevistes?&#8221; button_url=&#8221;mailto:prensa@lagranpantallafestival.com&#8221; button_text=&#8221;Contacta amb l&#8217;equip de premsa&#8221; _builder_version=&#8221;4.27.2&#8243; _module_preset=&#8221;default&#8221; global_colors_info=&#8221;{}&#8221;][\/et_pb_cta][\/et_pb_column][\/et_pb_row][\/et_pb_section]<\/p>\n","protected":false},"excerpt":{"rendered":"","protected":false},"author":5,"featured_media":0,"parent":0,"menu_order":0,"comment_status":"closed","ping_status":"closed","template":"","meta":{"_et_pb_use_builder":"on","_et_pb_old_content":"<p>[et_pb_section fb_built=\"1\" admin_label=\"Header\" _builder_version=\"4.25.1\" _module_preset=\"default\" locked=\"off\" collapsed=\"off\" global_colors_info=\"{}\"][et_pb_row _builder_version=\"4.25.1\" _module_preset=\"default\" background_color=\"gcid-a674551e-c023-4666-82b8-b7448e713885\" width=\"100%\" max_width=\"2560px\" custom_margin=\"0px|0px|0px|0px|false|false\" custom_padding=\"0px|0px|0px|0px|false|false\" border_radii=\"off||||\" box_shadow_style=\"preset4\" box_shadow_horizontal=\"-30vw\" box_shadow_vertical=\"0px\" box_shadow_color=\"gcid-a674551e-c023-4666-82b8-b7448e713885\" global_colors_info=\"{%22gcid-a674551e-c023-4666-82b8-b7448e713885%22:%91%22background_color%22,%22box_shadow_color%22%93}\"][et_pb_column type=\"4_4\" _builder_version=\"4.25.1\" _module_preset=\"default\" custom_padding=\"0px|0px|0px|0px|false|false\" global_colors_info=\"{}\"][et_pb_heading title=\"EDICI\u00d3N ACTUAL\" admin_label=\"T\u00edtulo\" _builder_version=\"4.25.1\" _module_preset=\"_initial\" title_font=\"Montserrat|700|||||||\" title_text_align=\"center\" title_text_color=\"#000000\" title_font_size=\"72px\" title_letter_spacing=\"-0.05em\" custom_margin=\"30px||30px|0px|true|false\" custom_padding=\"|0px||0px|false|true\" title_font_size_tablet=\"56px\" title_font_size_phone=\"40px\" title_font_size_last_edited=\"on|desktop\" global_colors_info=\"{}\"][\/et_pb_heading][\/et_pb_column][\/et_pb_row][\/et_pb_section][et_pb_section fb_built=\"1\" fullwidth=\"on\" _builder_version=\"4.25.1\" _module_preset=\"default\" background_color=\"#faf6c8\" custom_margin=\"0px||0px||false|false\" custom_padding=\"0px||0px||false|false\" global_colors_info=\"{}\"][et_pb_fullwidth_image src=\"https:\/\/lagranpantallafestival.com\/wp-content\/uploads\/2024\/06\/GRAELLA-PROGRAMACIO_LAGRANPANTALLA2024-scaled.jpg\" title_text=\"Parrilla festival la gran pantalla 2024\" show_in_lightbox=\"on\" use_overlay=\"on\" overlay_icon_color=\"RGBA(255,255,255,0)\" hover_overlay_color=\"rgba(255,255,255,0.27)\" hover_icon=\"m||divi||400\" _builder_version=\"4.25.1\" _module_preset=\"default\" width=\"63%\" width_tablet=\"89%\" width_phone=\"92%\" width_last_edited=\"on|phone\" max_width=\"100%\" module_alignment=\"center\" global_colors_info=\"{}\"][\/et_pb_fullwidth_image][\/et_pb_section][et_pb_section fb_built=\"1\" admin_label=\"Header\" _builder_version=\"4.25.1\" _module_preset=\"default\" custom_margin=\"0px||0px||false|false\" custom_padding=\"1px||100px||false|false\" locked=\"off\" collapsed=\"off\" global_colors_info=\"{}\"][et_pb_row column_structure=\"1_2,1_2\" _builder_version=\"4.25.1\" _module_preset=\"default\" custom_margin=\"40px||||false|false\" custom_margin_tablet=\"40px||||false|false\" custom_margin_phone=\"40px||0px||false|false\" custom_margin_last_edited=\"on|phone\" custom_padding=\"0px||0px||false|false\" global_colors_info=\"{}\"][et_pb_column type=\"1_2\" _builder_version=\"4.25.1\" _module_preset=\"default\" global_colors_info=\"{}\"][et_pb_heading title=\"Cartel\" title_tablet=\"Cartell\" title_phone=\"Cartell\" title_last_edited=\"on|phone\" disabled_on=\"off|off|off\" admin_label=\"T\u00edtulo\" _builder_version=\"4.25.1\" _module_preset=\"_initial\" title_level=\"h6\" title_font=\"Montserrat|700|||||||\" title_text_color=\"#000000\" title_font_size=\"40px\" title_letter_spacing=\"-0.03em\" title_line_height=\"50px\" width=\"79%\" custom_margin=\"0px|0px|28px|0px|false|false\" custom_margin_tablet=\"||0px||false|false\" custom_margin_phone=\"||5px||false|false\" custom_margin_last_edited=\"on|phone\" custom_padding=\"0px|0px|0px|0px|false|false\" title_font_size_tablet=\"38px\" title_font_size_phone=\"32px\" title_font_size_last_edited=\"on|phone\" title_line_height_tablet=\"\" title_line_height_phone=\"1.3em\" title_line_height_last_edited=\"on|tablet\" global_colors_info=\"{}\"][\/et_pb_heading][et_pb_image src=\"https:\/\/lagranpantallafestival.com\/wp-content\/uploads\/2024\/06\/cartell_lgp_2024_definitiuA4-scaled.webp\" title_text=\"Cartel la gran pantalla 2024\" show_in_lightbox=\"on\" use_overlay=\"on\" overlay_icon_color=\"RGBA(255,255,255,0)\" hover_overlay_color=\"rgba(238,239,170,0.2)\" _builder_version=\"4.25.1\" _module_preset=\"default\" global_colors_info=\"{}\"][\/et_pb_image][et_pb_button button_url=\"https:\/\/drive.google.com\/file\/d\/1LzhwzkW8IQzdOpg21QsBqLKh2iuE18JZ\/view?usp=sharing\" url_new_window=\"on\" button_text=\"Descarga el archivo\" button_alignment=\"left\" _builder_version=\"4.25.1\" _module_preset=\"_initial\" custom_button=\"on\" button_text_size=\"21px\" button_text_color=\"#000000\" button_bg_color=\"#EDF000\" button_border_width=\"0px\" button_border_radius=\"0px\" button_font=\"Montserrat|600|||||||\" button_use_icon=\"off\" custom_margin=\"20px||||false|false\" custom_padding=\"12px|24px|12px|24px|true|true\" custom_padding_tablet=\"12px|24px|12px|24px|true|true\" custom_padding_phone=\"12px|24px|12px|24px|true|true\" custom_padding_last_edited=\"on|phone\" global_colors_info=\"{}\"][\/et_pb_button][\/et_pb_column][et_pb_column type=\"1_2\" _builder_version=\"4.25.1\" _module_preset=\"default\" global_colors_info=\"{}\"][et_pb_heading title=\"Programa de mano\" title_tablet=\"Programa de m\u00e0\" title_phone=\"Programa de m\u00e0\" title_last_edited=\"on|phone\" disabled_on=\"off|off|off\" admin_label=\"T\u00edtulo\" _builder_version=\"4.25.1\" _module_preset=\"_initial\" title_level=\"h6\" title_font=\"Montserrat|700|||||||\" title_text_color=\"#000000\" title_font_size=\"40px\" title_letter_spacing=\"-0.03em\" title_line_height=\"50px\" width=\"79%\" custom_margin=\"0px|0px|28px|0px|false|false\" custom_margin_tablet=\"||0px||false|false\" custom_margin_phone=\"25px||5px||false|false\" custom_margin_last_edited=\"on|phone\" custom_padding=\"0px|0px|0px|0px|false|false\" title_font_size_tablet=\"38px\" title_font_size_phone=\"32px\" title_font_size_last_edited=\"on|phone\" title_line_height_tablet=\"\" title_line_height_phone=\"1.3em\" title_line_height_last_edited=\"on|tablet\" global_colors_info=\"{}\"][\/et_pb_heading][et_pb_image src=\"https:\/\/lagranpantallafestival.com\/wp-content\/uploads\/2024\/06\/O6CBNQ1-1-scaled.jpg\" title_text=\"O6CBNQ1\" show_in_lightbox=\"on\" use_overlay=\"on\" overlay_icon_color=\"RGBA(255,255,255,0)\" hover_overlay_color=\"rgba(238,239,170,0.2)\" _builder_version=\"4.25.1\" _module_preset=\"default\" global_colors_info=\"{}\"][\/et_pb_image][et_pb_button button_url=\"https:\/\/drive.google.com\/file\/d\/1Ia0vgfFvpJ2OG7zi_yM6m784G9smRHir\/view?usp=sharing\" url_new_window=\"on\" button_text=\"Descarga el archivo\" button_alignment=\"left\" _builder_version=\"4.25.1\" _module_preset=\"_initial\" custom_button=\"on\" button_text_size=\"21px\" button_text_color=\"#000000\" button_bg_color=\"#EDF000\" button_border_width=\"0px\" button_border_radius=\"0px\" button_font=\"Montserrat|600|||||||\" button_use_icon=\"off\" custom_margin=\"20px||||false|false\" custom_padding=\"12px|24px|12px|24px|true|true\" custom_padding_tablet=\"12px|24px|12px|24px|true|true\" custom_padding_phone=\"12px|24px|12px|24px|true|true\" custom_padding_last_edited=\"on|phone\" global_colors_info=\"{}\"][\/et_pb_button][\/et_pb_column][\/et_pb_row][\/et_pb_section]<\/p>","_et_gb_content_width":"","cybocfi_hide_featured_image":"","footnotes":""},"class_list":["post-245420","page","type-page","status-publish","hentry"],"yoast_head":"<!-- This site is optimized with the Yoast SEO plugin v26.7 - https:\/\/yoast.com\/wordpress\/plugins\/seo\/ -->\n<title>Materials de Premsa &#183;<\/title>\n<meta name=\"robots\" content=\"index, follow, max-snippet:-1, max-image-preview:large, max-video-preview:-1\" \/>\n<link rel=\"canonical\" href=\"https:\/\/lagranpantallafestival.com\/ca\/materials-de-premsa\/\" \/>\n<meta property=\"og:locale\" content=\"ca_ES\" \/>\n<meta property=\"og:type\" content=\"article\" \/>\n<meta property=\"og:title\" content=\"Materials de Premsa &#183;\" \/>\n<meta property=\"og:url\" content=\"https:\/\/lagranpantallafestival.com\/ca\/materials-de-premsa\/\" \/>\n<meta property=\"og:site_name\" content=\"Festival Internacional de Cinema de les Persones Grans de Barcelona: La Gran Pantalla\" \/>\n<meta property=\"article:publisher\" content=\"https:\/\/www.facebook.com\/lagranpantallabcn\/\" \/>\n<meta property=\"article:modified_time\" content=\"2025-06-15T05:43:42+00:00\" \/>\n<meta property=\"og:image\" content=\"https:\/\/lagranpantallafestival.com\/wp-content\/uploads\/2020\/05\/Sala-Gran-Pantalla-2019-1024x683.jpg\" \/>\n\t<meta property=\"og:image:width\" content=\"1024\" \/>\n\t<meta property=\"og:image:height\" content=\"683\" \/>\n\t<meta property=\"og:image:type\" content=\"image\/jpeg\" \/>\n<meta name=\"twitter:card\" content=\"summary_large_image\" \/>\n<meta name=\"twitter:site\" content=\"@granpantallabcn\" \/>\n<meta name=\"twitter:label1\" content=\"Temps estimat de lectura\" \/>\n\t<meta name=\"twitter:data1\" content=\"1 minut\" \/>\n<script type=\"application\/ld+json\" class=\"yoast-schema-graph\">{\"@context\":\"https:\/\/schema.org\",\"@graph\":[{\"@type\":\"WebPage\",\"@id\":\"https:\/\/lagranpantallafestival.com\/ca\/materials-de-premsa\/\",\"url\":\"https:\/\/lagranpantallafestival.com\/ca\/materials-de-premsa\/\",\"name\":\"Materials de Premsa &#183;\",\"isPartOf\":{\"@id\":\"https:\/\/lagranpantallafestival.com\/ca\/#website\"},\"datePublished\":\"2024-11-22T09:40:17+00:00\",\"dateModified\":\"2025-06-15T05:43:42+00:00\",\"breadcrumb\":{\"@id\":\"https:\/\/lagranpantallafestival.com\/ca\/materials-de-premsa\/#breadcrumb\"},\"inLanguage\":\"ca\",\"potentialAction\":[{\"@type\":\"ReadAction\",\"target\":[\"https:\/\/lagranpantallafestival.com\/ca\/materials-de-premsa\/\"]}]},{\"@type\":\"BreadcrumbList\",\"@id\":\"https:\/\/lagranpantallafestival.com\/ca\/materials-de-premsa\/#breadcrumb\",\"itemListElement\":[{\"@type\":\"ListItem\",\"position\":1,\"name\":\"Portada\",\"item\":\"https:\/\/lagranpantallafestival.com\/ca\/\"},{\"@type\":\"ListItem\",\"position\":2,\"name\":\"Materials de Premsa\"}]},{\"@type\":\"WebSite\",\"@id\":\"https:\/\/lagranpantallafestival.com\/ca\/#website\",\"url\":\"https:\/\/lagranpantallafestival.com\/ca\/\",\"name\":\"Festival Internacional de Cinema de les Persones Grans de Barcelona: La Gran Pantalla\",\"description\":\"El Festival Internacional de Cine de las personas mayores La gran pantalla! es el primer espacio en Barcelona dedicado al encuentro cinematogr\u00e1fico intergeneracional. Proyectamos pel\u00edculas y cortometrajes que aborden nuevas miradas sobre el hecho de ser mayor. Nuestro objetivo es desmontar los estereotipos que existen en la sociedad y promover el envejecimiento activo, a trav\u00e9s de la reflexi\u00f3n y el debate que inspira el s\u00e9ptimo arte.\",\"publisher\":{\"@id\":\"https:\/\/lagranpantallafestival.com\/ca\/#organization\"},\"potentialAction\":[{\"@type\":\"SearchAction\",\"target\":{\"@type\":\"EntryPoint\",\"urlTemplate\":\"https:\/\/lagranpantallafestival.com\/ca\/?s={search_term_string}\"},\"query-input\":{\"@type\":\"PropertyValueSpecification\",\"valueRequired\":true,\"valueName\":\"search_term_string\"}}],\"inLanguage\":\"ca\"},{\"@type\":\"Organization\",\"@id\":\"https:\/\/lagranpantallafestival.com\/ca\/#organization\",\"name\":\"[wpseo_titles]company_nombre\",\"url\":\"https:\/\/lagranpantallafestival.com\/ca\/\",\"logo\":{\"@type\":\"ImageObject\",\"inLanguage\":\"ca\",\"@id\":\"https:\/\/lagranpantallafestival.com\/ca\/#\/schema\/logo\/image\/\",\"url\":\"https:\/\/i0.wp.com\/lagranpantallafestival.com\/wp-content\/uploads\/2020\/05\/Logo_web_LaGranPantalla.png?fit=901%2C301&ssl=1\",\"contentUrl\":\"https:\/\/i0.wp.com\/lagranpantallafestival.com\/wp-content\/uploads\/2020\/05\/Logo_web_LaGranPantalla.png?fit=901%2C301&ssl=1\",\"width\":901,\"height\":301,\"caption\":\"[wpseo_titles]company_nombre\"},\"image\":{\"@id\":\"https:\/\/lagranpantallafestival.com\/ca\/#\/schema\/logo\/image\/\"},\"sameAs\":[\"https:\/\/www.facebook.com\/lagranpantallabcn\/\",\"https:\/\/x.com\/granpantallabcn\",\"https:\/\/www.instagram.com\/lagranpantallabcn\/\",\"https:\/\/www.youtube.com\/user\/colectivoelparlante\"]}]}<\/script>\n<!-- \/ Yoast SEO plugin. -->","yoast_head_json":{"title":"Materials de Premsa &#183;","robots":{"index":"index","follow":"follow","max-snippet":"max-snippet:-1","max-image-preview":"max-image-preview:large","max-video-preview":"max-video-preview:-1"},"canonical":"https:\/\/lagranpantallafestival.com\/ca\/materials-de-premsa\/","og_locale":"ca_ES","og_type":"article","og_title":"Materials de Premsa &#183;","og_url":"https:\/\/lagranpantallafestival.com\/ca\/materials-de-premsa\/","og_site_name":"Festival Internacional de Cinema de les Persones Grans de Barcelona: La Gran Pantalla","article_publisher":"https:\/\/www.facebook.com\/lagranpantallabcn\/","article_modified_time":"2025-06-15T05:43:42+00:00","og_image":[{"width":1024,"height":683,"url":"https:\/\/lagranpantallafestival.com\/wp-content\/uploads\/2020\/05\/Sala-Gran-Pantalla-2019-1024x683.jpg","type":"image\/jpeg"}],"twitter_card":"summary_large_image","twitter_site":"@granpantallabcn","twitter_misc":{"Temps estimat de lectura":"1 minut"},"schema":{"@context":"https:\/\/schema.org","@graph":[{"@type":"WebPage","@id":"https:\/\/lagranpantallafestival.com\/ca\/materials-de-premsa\/","url":"https:\/\/lagranpantallafestival.com\/ca\/materials-de-premsa\/","name":"Materials de Premsa &#183;","isPartOf":{"@id":"https:\/\/lagranpantallafestival.com\/ca\/#website"},"datePublished":"2024-11-22T09:40:17+00:00","dateModified":"2025-06-15T05:43:42+00:00","breadcrumb":{"@id":"https:\/\/lagranpantallafestival.com\/ca\/materials-de-premsa\/#breadcrumb"},"inLanguage":"ca","potentialAction":[{"@type":"ReadAction","target":["https:\/\/lagranpantallafestival.com\/ca\/materials-de-premsa\/"]}]},{"@type":"BreadcrumbList","@id":"https:\/\/lagranpantallafestival.com\/ca\/materials-de-premsa\/#breadcrumb","itemListElement":[{"@type":"ListItem","position":1,"name":"Portada","item":"https:\/\/lagranpantallafestival.com\/ca\/"},{"@type":"ListItem","position":2,"name":"Materials de Premsa"}]},{"@type":"WebSite","@id":"https:\/\/lagranpantallafestival.com\/ca\/#website","url":"https:\/\/lagranpantallafestival.com\/ca\/","name":"Festival Internacional de Cinema de les Persones Grans de Barcelona: La Gran Pantalla","description":"El Festival Internacional de Cine de las personas mayores La gran pantalla! es el primer espacio en Barcelona dedicado al encuentro cinematogr\u00e1fico intergeneracional. Proyectamos pel\u00edculas y cortometrajes que aborden nuevas miradas sobre el hecho de ser mayor. Nuestro objetivo es desmontar los estereotipos que existen en la sociedad y promover el envejecimiento activo, a trav\u00e9s de la reflexi\u00f3n y el debate que inspira el s\u00e9ptimo arte.","publisher":{"@id":"https:\/\/lagranpantallafestival.com\/ca\/#organization"},"potentialAction":[{"@type":"SearchAction","target":{"@type":"EntryPoint","urlTemplate":"https:\/\/lagranpantallafestival.com\/ca\/?s={search_term_string}"},"query-input":{"@type":"PropertyValueSpecification","valueRequired":true,"valueName":"search_term_string"}}],"inLanguage":"ca"},{"@type":"Organization","@id":"https:\/\/lagranpantallafestival.com\/ca\/#organization","name":"[wpseo_titles]company_nombre","url":"https:\/\/lagranpantallafestival.com\/ca\/","logo":{"@type":"ImageObject","inLanguage":"ca","@id":"https:\/\/lagranpantallafestival.com\/ca\/#\/schema\/logo\/image\/","url":"https:\/\/i0.wp.com\/lagranpantallafestival.com\/wp-content\/uploads\/2020\/05\/Logo_web_LaGranPantalla.png?fit=901%2C301&ssl=1","contentUrl":"https:\/\/i0.wp.com\/lagranpantallafestival.com\/wp-content\/uploads\/2020\/05\/Logo_web_LaGranPantalla.png?fit=901%2C301&ssl=1","width":901,"height":301,"caption":"[wpseo_titles]company_nombre"},"image":{"@id":"https:\/\/lagranpantallafestival.com\/ca\/#\/schema\/logo\/image\/"},"sameAs":["https:\/\/www.facebook.com\/lagranpantallabcn\/","https:\/\/x.com\/granpantallabcn","https:\/\/www.instagram.com\/lagranpantallabcn\/","https:\/\/www.youtube.com\/user\/colectivoelparlante"]}]}},"_links":{"self":[{"href":"https:\/\/lagranpantallafestival.com\/ca\/wp-json\/wp\/v2\/pages\/245420","targetHints":{"allow":["GET"]}}],"collection":[{"href":"https:\/\/lagranpantallafestival.com\/ca\/wp-json\/wp\/v2\/pages"}],"about":[{"href":"https:\/\/lagranpantallafestival.com\/ca\/wp-json\/wp\/v2\/types\/page"}],"author":[{"embeddable":true,"href":"https:\/\/lagranpantallafestival.com\/ca\/wp-json\/wp\/v2\/users\/5"}],"replies":[{"embeddable":true,"href":"https:\/\/lagranpantallafestival.com\/ca\/wp-json\/wp\/v2\/comments?post=245420"}],"version-history":[{"count":15,"href":"https:\/\/lagranpantallafestival.com\/ca\/wp-json\/wp\/v2\/pages\/245420\/revisions"}],"predecessor-version":[{"id":246543,"href":"https:\/\/lagranpantallafestival.com\/ca\/wp-json\/wp\/v2\/pages\/245420\/revisions\/246543"}],"wp:attachment":[{"href":"https:\/\/lagranpantallafestival.com\/ca\/wp-json\/wp\/v2\/media?parent=245420"}],"curies":[{"name":"wp","href":"https:\/\/api.w.org\/{rel}","templated":true}]}}