{"id":243632,"date":"2024-05-30T15:56:29","date_gmt":"2024-05-30T15:56:29","guid":{"rendered":"https:\/\/lagranpantallafestival.com\/projeccions\/"},"modified":"2025-06-16T13:20:27","modified_gmt":"2025-06-16T13:20:27","slug":"projeccions","status":"publish","type":"page","link":"https:\/\/lagranpantallafestival.com\/ca\/projeccions\/","title":{"rendered":"Projeccions 2025"},"content":{"rendered":"<p>[et_pb_section fb_built=&#8221;1&#8243; admin_label=&#8221;Header&#8221; _builder_version=&#8221;4.25.1&#8243; _module_preset=&#8221;default&#8221; locked=&#8221;off&#8221; collapsed=&#8221;off&#8221; global_colors_info=&#8221;{}&#8221;][et_pb_row _builder_version=&#8221;4.25.1&#8243; _module_preset=&#8221;default&#8221; background_color=&#8221;gcid-a674551e-c023-4666-82b8-b7448e713885&#8243; width=&#8221;100%&#8221; max_width=&#8221;2560px&#8221; custom_margin=&#8221;0px|0px|0px|0px|false|false&#8221; custom_padding=&#8221;0px|0px|0px|0px|false|false&#8221; border_radii=&#8221;off||||&#8221; box_shadow_style=&#8221;preset4&#8243; box_shadow_horizontal=&#8221;-30vw&#8221; box_shadow_vertical=&#8221;0px&#8221; box_shadow_color=&#8221;gcid-a674551e-c023-4666-82b8-b7448e713885&#8243; global_colors_info=&#8221;{%22gcid-a674551e-c023-4666-82b8-b7448e713885%22:%91%22background_color%22,%22box_shadow_color%22%93}&#8221;][et_pb_column type=&#8221;4_4&#8243; _builder_version=&#8221;4.25.1&#8243; _module_preset=&#8221;default&#8221; custom_padding=&#8221;0px|0px|0px|0px|false|false&#8221; global_colors_info=&#8221;{}&#8221;][et_pb_heading title=&#8221;PROJECCIONS&#8221; admin_label=&#8221;T\u00edtulo&#8221; _builder_version=&#8221;4.25.1&#8243; _module_preset=&#8221;_initial&#8221; title_font=&#8221;Montserrat|700|||||||&#8221; title_text_align=&#8221;center&#8221; title_text_color=&#8221;#000000&#8243; title_font_size=&#8221;72px&#8221; title_letter_spacing=&#8221;-0.05em&#8221; custom_margin=&#8221;30px||30px|0px|true|false&#8221; custom_padding=&#8221;|0px||0px|false|true&#8221; title_font_size_tablet=&#8221;56px&#8221; title_font_size_phone=&#8221;40px&#8221; title_font_size_last_edited=&#8221;on|desktop&#8221; global_colors_info=&#8221;{}&#8221;][\/et_pb_heading][\/et_pb_column][\/et_pb_row][\/et_pb_section][et_pb_section fb_built=&#8221;1&#8243; admin_label=&#8221;Projects&#8221; _builder_version=&#8221;4.25.1&#8243; _module_preset=&#8221;default&#8221; custom_margin=&#8221;0px|0px|0px|0px|false|false&#8221; custom_padding=&#8221;0px|0px|0px|0px|false|false&#8221; locked=&#8221;off&#8221; collapsed=&#8221;off&#8221; global_colors_info=&#8221;{}&#8221;][et_pb_row _builder_version=&#8221;4.25.1&#8243; _module_preset=&#8221;default&#8221; max_width=&#8221;1280px&#8221; custom_margin_tablet=&#8221;&#8221; custom_margin_phone=&#8221;0px||0px||false|false&#8221; custom_margin_last_edited=&#8221;on|phone&#8221; custom_padding=&#8221;0px||0px||false|false&#8221; custom_css_free_form=&#8221;background-color:#ffd000;||&#8221; border_color_all=&#8221;RGBA(255,255,255,0)&#8221; border_width_top=&#8221;1px&#8221; global_colors_info=&#8221;{}&#8221;][et_pb_column type=&#8221;4_4&#8243; _builder_version=&#8221;4.25.1&#8243; _module_preset=&#8221;default&#8221; global_colors_info=&#8221;{}&#8221;][et_pb_filterable_portfolio fullwidth=&#8221;off&#8221; posts_number=&#8221;20&#8243; include_categories=&#8221;1032,1031,1030,1033,1034,1035&#8243; zoom_icon_color=&#8221;#FFFFFF&#8221; hover_overlay_color=&#8221;rgba(248,233,35,0.28)&#8221; hover_icon=&#8221;&#xf04b;||fa||900&#8243; show_title_tablet=&#8221;on&#8221; show_title_phone=&#8221;on&#8221; show_title_last_edited=&#8221;on|desktop&#8221; show_categories_tablet=&#8221;on&#8221; show_categories_phone=&#8221;on&#8221; show_categories_last_edited=&#8221;on|phone&#8221; admin_label=&#8221;Portafolios filtrable&#8221; _builder_version=&#8221;4.27.4&#8243; _module_preset=&#8221;default&#8221; title_font=&#8221;Montserrat|700|||||||&#8221; title_font_size=&#8221;22px&#8221; title_line_height=&#8221;1.2em&#8221; filter_font=&#8221;Montserrat|700|||||||&#8221; filter_text_color=&#8221;#000000&#8243; filter_font_size=&#8221;20px&#8221; filter_line_height=&#8221;2em&#8221; caption_font=&#8221;Montserrat|600|||||||&#8221; caption_font_size=&#8221;18px&#8221; caption_line_height=&#8221;1.1em&#8221; background_color=&#8221;RGBA(255,255,255,0)&#8221; text_orientation=&#8221;center&#8221; display_conditions=&#8221;W10=&#8221; custom_padding=&#8221;22px|||||&#8221; custom_padding_tablet=&#8221;0px||||false|false&#8221; custom_padding_phone=&#8221;0px||||false|false&#8221; custom_padding_last_edited=&#8221;on|phone&#8221; animation_direction=&#8221;left&#8221; hover_enabled=&#8221;0&#8243; title_font_tablet=&#8221;Montserrat|700|||||||&#8221; title_font_phone=&#8221;Montserrat|700|||||||&#8221; title_font_last_edited=&#8221;on|tablet&#8221; title_font_size_tablet=&#8221;22px&#8221; title_font_size_phone=&#8221;23px&#8221; title_font_size_last_edited=&#8221;on|phone&#8221; title_line_height_tablet=&#8221;1.2em&#8221; title_line_height_phone=&#8221;1.2em&#8221; title_line_height_last_edited=&#8221;on|desktop&#8221; filter_text_color_tablet=&#8221;#000000&#8243; filter_text_color_phone=&#8221;#000000&#8243; filter_text_color_last_edited=&#8221;on|phone&#8221; filter_font_size_tablet=&#8221;12px&#8221; filter_font_size_phone=&#8221;14px&#8221; filter_font_size_last_edited=&#8221;on|phone&#8221; caption_font_size_tablet=&#8221;16px&#8221; caption_font_size_phone=&#8221;18px&#8221; caption_font_size_last_edited=&#8221;on|tablet&#8221; custom_css_before=&#8221;  margin: 10px;&#8221; custom_css_main_element=&#8221;margin-top: 20px;&#8221; custom_css_after=&#8221;  margin: 10px;||&#8221; custom_css_free_form=&#8221;selector .et_pb_portfolio_filters ul {|| display: flex;|||| || ||}||selector .et_pb_portfolio_filters ul li:nth-child(1) {|| margin: 10px;||}||selector .et_pb_portfolio_filters ul li:nth-child(2) {|| order: 2;|| margin: 10px;|| ||}||selector .et_pb_portfolio_filters ul li:nth-child(3) {|| order: 2;|| margin: 10px;||}||selector .et_pb_portfolio_filters ul li:nth-child(4) {|| order: 1;|| margin: 10px;||}||selector .et_pb_portfolio_filters ul li:nth-child(5) {|| order: 2;|| margin: 10px;||}||selector .et_pb_portfolio_filters ul li:nth-child(6) {|| order: 6;|| margin: 10px;||}||selector .et_pb_portfolio_filters ul li:nth-child(7) {|| order: 7;|| margin: 10px;||}||selector .et_pb_portfolio_filters ul li:nth-child(8) {|| order: 4;|| margin: 10px;||}||&#8221; custom_css_portfolio_filters=&#8221;  margin-bottom: 70px;&#8221; custom_css_active_portfolio_filter=&#8221;background-color: #fffc44;||||||&#8221; custom_css_overlay_icon=&#8221;||&#8221; custom_css_portfolio_title=&#8221;margin-top: 20px;&#8221; custom_css_portfolio_post_meta=&#8221;margin-top: 10px;&#8221; border_color_all=&#8221;RGBA(255,255,255,0)&#8221; border_width_all_image=&#8221;0px&#8221; border_color_all_image=&#8221;#EDF000&#8243; border_style_all_image=&#8221;outset&#8221; border_radii_image_tablet=&#8221;&#8221; border_radii_image_phone=&#8221;&#8221; border_radii_image_last_edited=&#8221;on|phone&#8221; global_colors_info=&#8221;{}&#8221; custom_css_portfolio_filters_last_edited=&#8221;on|desktop&#8221; custom_css_portfolio_filters__hover_enabled=&#8221;on|hover&#8221; custom_css_active_portfolio_filter_last_edited=&#8221;on|tablet&#8221; custom_css_active_portfolio_filter_tablet=&#8221;background-color: #fffc44;&#8221; custom_css_after_last_edited=&#8221;on|phone&#8221; custom_css_portfolio_title_last_edited=&#8221;on|tablet&#8221; custom_css_portfolio_post_meta_last_edited=&#8221;on|phone&#8221; custom_css_after_tablet=&#8221;  margin: 10px;||&#8221; custom_css_after_phone=&#8221;  margin: 10px;||&#8221; custom_css_portfolio_title_tablet=&#8221;font-size: 12px;||&#8221; custom_css_portfolio_title_phone=&#8221;margin-top: 20px;&#8221; custom_css_portfolio_post_meta_tablet=&#8221;margin-top: 10px;&#8221; custom_css_portfolio_post_meta_phone=&#8221;margin-top: 10px;&#8221; custom_css_active_portfolio_filter__hover_enabled=&#8221;on|desktop&#8221; custom_css_main_element_last_edited=&#8221;on|desktop&#8221; custom_css_portfolio_filters__hover=&#8221;  margin-bottom: 70px;&#8221; custom_css_active_portfolio_filter__hover=&#8221;background-color: #fffc44;||||||&#8221; custom_css_main_element_tablet=&#8221;margin-top: 20px;&#8221; custom_css_main_element__hover_enabled=&#8221;off|desktop&#8221; custom_css_main_element_phone=&#8221;margin-top: 20px;&#8221; custom_css_portfolio_filters_tablet=&#8221;  margin-bottom: 70px;&#8221; custom_css_active_portfolio_filter_phone=&#8221;background-color: #fffc44;&#8221; custom_css_portfolio_filters_phone=&#8221;display: inline-flex;||||&#8221; custom_css_overlay_last_edited=&#8221;on|phone&#8221; sticky_enabled=&#8221;0&#8243;][\/et_pb_filterable_portfolio][\/et_pb_column][\/et_pb_row][\/et_pb_section]<\/p>\n","protected":false},"excerpt":{"rendered":"","protected":false},"author":5,"featured_media":0,"parent":0,"menu_order":0,"comment_status":"closed","ping_status":"closed","template":"","meta":{"_et_pb_use_builder":"on","_et_pb_old_content":"","_et_gb_content_width":"","cybocfi_hide_featured_image":"","footnotes":""},"class_list":["post-243632","page","type-page","status-publish","hentry"],"yoast_head":"<!-- This site is optimized with the Yoast SEO plugin v26.7 - https:\/\/yoast.com\/wordpress\/plugins\/seo\/ -->\n<title>Projeccions 2025 &#183;<\/title>\n<meta name=\"description\" content=\"La GRAN pantalla - Festival Internacional de Cinema de les Persones Grans de Barcelona\" \/>\n<meta name=\"robots\" content=\"index, follow, max-snippet:-1, max-image-preview:large, max-video-preview:-1\" \/>\n<link rel=\"canonical\" href=\"https:\/\/lagranpantallafestival.com\/ca\/projeccions\/\" \/>\n<meta property=\"og:locale\" content=\"ca_ES\" \/>\n<meta property=\"og:type\" content=\"article\" \/>\n<meta property=\"og:title\" content=\"Projeccions 2025 &#183;\" \/>\n<meta property=\"og:description\" content=\"La GRAN pantalla - Festival Internacional de Cinema de les Persones Grans de Barcelona\" \/>\n<meta property=\"og:url\" content=\"https:\/\/lagranpantallafestival.com\/ca\/projeccions\/\" \/>\n<meta property=\"og:site_name\" content=\"Festival Internacional de Cinema de les Persones Grans de Barcelona: La Gran Pantalla\" \/>\n<meta property=\"article:publisher\" content=\"https:\/\/www.facebook.com\/lagranpantallabcn\/\" \/>\n<meta property=\"article:modified_time\" content=\"2025-06-16T13:20:27+00:00\" \/>\n<meta property=\"og:image\" content=\"https:\/\/lagranpantallafestival.com\/wp-content\/uploads\/2020\/05\/Sala-Gran-Pantalla-2019-1024x683.jpg\" \/>\n\t<meta property=\"og:image:width\" content=\"1024\" \/>\n\t<meta property=\"og:image:height\" content=\"683\" \/>\n\t<meta property=\"og:image:type\" content=\"image\/jpeg\" \/>\n<meta name=\"twitter:card\" content=\"summary_large_image\" \/>\n<meta name=\"twitter:site\" content=\"@granpantallabcn\" \/>\n<meta name=\"twitter:label1\" content=\"Temps estimat de lectura\" \/>\n\t<meta name=\"twitter:data1\" content=\"5 minuts\" \/>\n<script type=\"application\/ld+json\" class=\"yoast-schema-graph\">{\"@context\":\"https:\/\/schema.org\",\"@graph\":[{\"@type\":\"WebPage\",\"@id\":\"https:\/\/lagranpantallafestival.com\/ca\/projeccions\/\",\"url\":\"https:\/\/lagranpantallafestival.com\/ca\/projeccions\/\",\"name\":\"Projeccions 2025 &#183;\",\"isPartOf\":{\"@id\":\"https:\/\/lagranpantallafestival.com\/ca\/#website\"},\"datePublished\":\"2024-05-30T15:56:29+00:00\",\"dateModified\":\"2025-06-16T13:20:27+00:00\",\"description\":\"La GRAN pantalla - Festival Internacional de Cinema de les Persones Grans de Barcelona\",\"breadcrumb\":{\"@id\":\"https:\/\/lagranpantallafestival.com\/ca\/projeccions\/#breadcrumb\"},\"inLanguage\":\"ca\",\"potentialAction\":[{\"@type\":\"ReadAction\",\"target\":[\"https:\/\/lagranpantallafestival.com\/ca\/projeccions\/\"]}]},{\"@type\":\"BreadcrumbList\",\"@id\":\"https:\/\/lagranpantallafestival.com\/ca\/projeccions\/#breadcrumb\",\"itemListElement\":[{\"@type\":\"ListItem\",\"position\":1,\"name\":\"Portada\",\"item\":\"https:\/\/lagranpantallafestival.com\/ca\/\"},{\"@type\":\"ListItem\",\"position\":2,\"name\":\"Projeccions 2025\"}]},{\"@type\":\"WebSite\",\"@id\":\"https:\/\/lagranpantallafestival.com\/ca\/#website\",\"url\":\"https:\/\/lagranpantallafestival.com\/ca\/\",\"name\":\"Festival Internacional de Cinema de les Persones Grans de Barcelona: La Gran Pantalla\",\"description\":\"El Festival Internacional de Cine de las personas mayores La gran pantalla! es el primer espacio en Barcelona dedicado al encuentro cinematogr\u00e1fico intergeneracional. Proyectamos pel\u00edculas y cortometrajes que aborden nuevas miradas sobre el hecho de ser mayor. Nuestro objetivo es desmontar los estereotipos que existen en la sociedad y promover el envejecimiento activo, a trav\u00e9s de la reflexi\u00f3n y el debate que inspira el s\u00e9ptimo arte.\",\"publisher\":{\"@id\":\"https:\/\/lagranpantallafestival.com\/ca\/#organization\"},\"potentialAction\":[{\"@type\":\"SearchAction\",\"target\":{\"@type\":\"EntryPoint\",\"urlTemplate\":\"https:\/\/lagranpantallafestival.com\/ca\/?s={search_term_string}\"},\"query-input\":{\"@type\":\"PropertyValueSpecification\",\"valueRequired\":true,\"valueName\":\"search_term_string\"}}],\"inLanguage\":\"ca\"},{\"@type\":\"Organization\",\"@id\":\"https:\/\/lagranpantallafestival.com\/ca\/#organization\",\"name\":\"[wpseo_titles]company_nombre\",\"url\":\"https:\/\/lagranpantallafestival.com\/ca\/\",\"logo\":{\"@type\":\"ImageObject\",\"inLanguage\":\"ca\",\"@id\":\"https:\/\/lagranpantallafestival.com\/ca\/#\/schema\/logo\/image\/\",\"url\":\"https:\/\/i0.wp.com\/lagranpantallafestival.com\/wp-content\/uploads\/2020\/05\/Logo_web_LaGranPantalla.png?fit=901%2C301&ssl=1\",\"contentUrl\":\"https:\/\/i0.wp.com\/lagranpantallafestival.com\/wp-content\/uploads\/2020\/05\/Logo_web_LaGranPantalla.png?fit=901%2C301&ssl=1\",\"width\":901,\"height\":301,\"caption\":\"[wpseo_titles]company_nombre\"},\"image\":{\"@id\":\"https:\/\/lagranpantallafestival.com\/ca\/#\/schema\/logo\/image\/\"},\"sameAs\":[\"https:\/\/www.facebook.com\/lagranpantallabcn\/\",\"https:\/\/x.com\/granpantallabcn\",\"https:\/\/www.instagram.com\/lagranpantallabcn\/\",\"https:\/\/www.youtube.com\/user\/colectivoelparlante\"]}]}<\/script>\n<!-- \/ Yoast SEO plugin. -->","yoast_head_json":{"title":"Projeccions 2025 &#183;","description":"La GRAN pantalla - Festival Internacional de Cinema de les Persones Grans de Barcelona","robots":{"index":"index","follow":"follow","max-snippet":"max-snippet:-1","max-image-preview":"max-image-preview:large","max-video-preview":"max-video-preview:-1"},"canonical":"https:\/\/lagranpantallafestival.com\/ca\/projeccions\/","og_locale":"ca_ES","og_type":"article","og_title":"Projeccions 2025 &#183;","og_description":"La GRAN pantalla - Festival Internacional de Cinema de les Persones Grans de Barcelona","og_url":"https:\/\/lagranpantallafestival.com\/ca\/projeccions\/","og_site_name":"Festival Internacional de Cinema de les Persones Grans de Barcelona: La Gran Pantalla","article_publisher":"https:\/\/www.facebook.com\/lagranpantallabcn\/","article_modified_time":"2025-06-16T13:20:27+00:00","og_image":[{"width":1024,"height":683,"url":"https:\/\/lagranpantallafestival.com\/wp-content\/uploads\/2020\/05\/Sala-Gran-Pantalla-2019-1024x683.jpg","type":"image\/jpeg"}],"twitter_card":"summary_large_image","twitter_site":"@granpantallabcn","twitter_misc":{"Temps estimat de lectura":"5 minuts"},"schema":{"@context":"https:\/\/schema.org","@graph":[{"@type":"WebPage","@id":"https:\/\/lagranpantallafestival.com\/ca\/projeccions\/","url":"https:\/\/lagranpantallafestival.com\/ca\/projeccions\/","name":"Projeccions 2025 &#183;","isPartOf":{"@id":"https:\/\/lagranpantallafestival.com\/ca\/#website"},"datePublished":"2024-05-30T15:56:29+00:00","dateModified":"2025-06-16T13:20:27+00:00","description":"La GRAN pantalla - Festival Internacional de Cinema de les Persones Grans de Barcelona","breadcrumb":{"@id":"https:\/\/lagranpantallafestival.com\/ca\/projeccions\/#breadcrumb"},"inLanguage":"ca","potentialAction":[{"@type":"ReadAction","target":["https:\/\/lagranpantallafestival.com\/ca\/projeccions\/"]}]},{"@type":"BreadcrumbList","@id":"https:\/\/lagranpantallafestival.com\/ca\/projeccions\/#breadcrumb","itemListElement":[{"@type":"ListItem","position":1,"name":"Portada","item":"https:\/\/lagranpantallafestival.com\/ca\/"},{"@type":"ListItem","position":2,"name":"Projeccions 2025"}]},{"@type":"WebSite","@id":"https:\/\/lagranpantallafestival.com\/ca\/#website","url":"https:\/\/lagranpantallafestival.com\/ca\/","name":"Festival Internacional de Cinema de les Persones Grans de Barcelona: La Gran Pantalla","description":"El Festival Internacional de Cine de las personas mayores La gran pantalla! es el primer espacio en Barcelona dedicado al encuentro cinematogr\u00e1fico intergeneracional. Proyectamos pel\u00edculas y cortometrajes que aborden nuevas miradas sobre el hecho de ser mayor. Nuestro objetivo es desmontar los estereotipos que existen en la sociedad y promover el envejecimiento activo, a trav\u00e9s de la reflexi\u00f3n y el debate que inspira el s\u00e9ptimo arte.","publisher":{"@id":"https:\/\/lagranpantallafestival.com\/ca\/#organization"},"potentialAction":[{"@type":"SearchAction","target":{"@type":"EntryPoint","urlTemplate":"https:\/\/lagranpantallafestival.com\/ca\/?s={search_term_string}"},"query-input":{"@type":"PropertyValueSpecification","valueRequired":true,"valueName":"search_term_string"}}],"inLanguage":"ca"},{"@type":"Organization","@id":"https:\/\/lagranpantallafestival.com\/ca\/#organization","name":"[wpseo_titles]company_nombre","url":"https:\/\/lagranpantallafestival.com\/ca\/","logo":{"@type":"ImageObject","inLanguage":"ca","@id":"https:\/\/lagranpantallafestival.com\/ca\/#\/schema\/logo\/image\/","url":"https:\/\/i0.wp.com\/lagranpantallafestival.com\/wp-content\/uploads\/2020\/05\/Logo_web_LaGranPantalla.png?fit=901%2C301&ssl=1","contentUrl":"https:\/\/i0.wp.com\/lagranpantallafestival.com\/wp-content\/uploads\/2020\/05\/Logo_web_LaGranPantalla.png?fit=901%2C301&ssl=1","width":901,"height":301,"caption":"[wpseo_titles]company_nombre"},"image":{"@id":"https:\/\/lagranpantallafestival.com\/ca\/#\/schema\/logo\/image\/"},"sameAs":["https:\/\/www.facebook.com\/lagranpantallabcn\/","https:\/\/x.com\/granpantallabcn","https:\/\/www.instagram.com\/lagranpantallabcn\/","https:\/\/www.youtube.com\/user\/colectivoelparlante"]}]}},"_links":{"self":[{"href":"https:\/\/lagranpantallafestival.com\/ca\/wp-json\/wp\/v2\/pages\/243632","targetHints":{"allow":["GET"]}}],"collection":[{"href":"https:\/\/lagranpantallafestival.com\/ca\/wp-json\/wp\/v2\/pages"}],"about":[{"href":"https:\/\/lagranpantallafestival.com\/ca\/wp-json\/wp\/v2\/types\/page"}],"author":[{"embeddable":true,"href":"https:\/\/lagranpantallafestival.com\/ca\/wp-json\/wp\/v2\/users\/5"}],"replies":[{"embeddable":true,"href":"https:\/\/lagranpantallafestival.com\/ca\/wp-json\/wp\/v2\/comments?post=243632"}],"version-history":[{"count":20,"href":"https:\/\/lagranpantallafestival.com\/ca\/wp-json\/wp\/v2\/pages\/243632\/revisions"}],"predecessor-version":[{"id":246603,"href":"https:\/\/lagranpantallafestival.com\/ca\/wp-json\/wp\/v2\/pages\/243632\/revisions\/246603"}],"wp:attachment":[{"href":"https:\/\/lagranpantallafestival.com\/ca\/wp-json\/wp\/v2\/media?parent=243632"}],"curies":[{"name":"wp","href":"https:\/\/api.w.org\/{rel}","templated":true}]}}